{"id":106,"date":"2011-08-22T13:29:46","date_gmt":"2011-08-22T13:29:46","guid":{"rendered":"http:\/\/h03n.hostingsociety.com\/blog\/?page_id=2"},"modified":"2023-03-22T12:24:36","modified_gmt":"2023-03-22T10:24:36","slug":"beispiel-seite-2","status":"publish","type":"page","link":"http:\/\/www.botec.org\/wordpress\/beispiel-seite-2\/","title":{"rendered":"Products"},"content":{"rendered":"<p><!--:de--><\/p>\n<p style=\"margin-bottom: 0cm;\"><span style=\"color: #ff0000;\"><span style=\"font-family: Arial, sans-serif;\"><span style=\"font-size: small;\"><span style=\"background: #ffff00;\">Neu: <\/span><\/span><\/span><\/span><span style=\"font-family: Arial, sans-serif;\"><span style=\"font-size: small;\"><span style=\"background: #ffff00;\">TAF VIII-1S:<\/span><\/span><\/span><\/p>\n<p style=\"margin-bottom: 0cm;\"><span style=\"font-family: Arial, sans-serif;\"><span style=\"font-size: small;\">Tandem Airfoil Flairboat f\u00fcr zwei Personen. Mit einer Zuladung von bis zu 200 kg und einer Reisegeschwindigkeit von bis zu <\/span><\/span><span style=\"font-family: Arial, sans-serif;\"><span style=\"font-size: small;\"><span style=\"background: #ffff00;\">155 Km\/h<\/span><\/span><\/span><span style=\"font-family: Arial, sans-serif;\"><span style=\"font-size: small;\"> ist <\/span><\/span><span style=\"font-family: Arial, sans-serif;\"><span style=\"font-size: small;\"><span style=\"background: #ffff00;\">TAF VIII-1S<\/span><\/span><\/span><span style=\"font-family: Arial, sans-serif;\"><span style=\"font-size: small;\"> das ideale Sportboot f\u00fcr Rennen.&nbsp;Durch Gewichtsreduktion und erh\u00f6hte Motorleistung im Vergleich zum TAF VIII-1 (Leisureboat)<\/span><span>&nbsp;<span style=\"font-size: small;\">mehr Spa\u00df durch schnelleres Abheben.<\/span><\/span><\/span><\/p>\n<p style=\"margin-bottom: 0cm;\"><span style=\"font-family: Arial, sans-serif;\"><span style=\"font-size: small;\"><br \/>\n<\/span><\/span><\/p>\n<p style=\"margin-bottom: 0cm;\"><span style=\"font-size: small; font-family: Arial, sans-serif;\"><br \/>\nTAF VIII-1:<\/span><\/p>\n<p style=\"margin-bottom: 0cm;\"><span style=\"font-family: Arial, sans-serif;\"><span style=\"font-size: small;\">Tandem&nbsp;<\/span><\/span><span style=\"font-size: small; font-family: Arial, sans-serif;\">Airfoil Flairboat f\u00fcr zwei Personen. Mit einer Gesamtladung von bis zu 200 kg und einer Reisegeschwindigkeit von bis zu 140 km \/ h ist TAF VIII-1 das ideale Leisureboat f\u00fcr den Sport- und Freizeitbereich.<br \/>\n<\/span><\/p>\n<p style=\"margin-bottom: 0cm;\"><span style=\"font-size: small; font-family: Arial, sans-serif;\"><br \/>\nTAF VIII-2:<\/span><\/p>\n<p style=\"margin-bottom: 0cm;\"><span style=\"font-size: small; font-family: Arial, sans-serif;\">Tandem Airfoil Flairboat f\u00fcr vier Personen, mit geschlossener Kabine auch f\u00fcr Fahrten bei Schlechtwetter geeignet. Mit einer Gesamtladung von bis zu 400kg, einer Reisegeschwindigkeit von 155 km \/ h und vielf\u00e4ltigen Gestaltungsm\u00f6glichkeiten im Kabineninnenraum \u00fcberzeugt diese Fahrzeuggr\u00f6\u00dfe in der Anwendung als&nbsp;<\/span><span style=\"font-size: small; font-family: Arial, sans-serif;\">Wassertaxi ebenso wie im Einsatz als privates Freizeitfahrzeug.<\/span><\/p>\n<p style=\"margin-bottom: 0cm;\"><span style=\"font-size: small; font-family: Arial, sans-serif;\"><br \/>\nTAF VIII-3:<\/span><\/p>\n<p style=\"margin-bottom: 0cm;\"><span style=\"font-size: small; font-family: Arial, sans-serif;\">Tandem Airfoil Flairboat f\u00fcr acht Personen oder 800 kg Gesamtladung und einer Reisegeschwindigkeit von 150 km \/ h. Diese Gr\u00f6\u00dfenordnung ist sowohl von der nutzbaren Kabinengr\u00f6\u00dfe als auch von der Zuladung und den Gestaltungsm\u00f6glichkeiten im Innenraum bestens geeignet zum Einsatz f\u00fcr gewerbliche Zwecke f\u00fcr Transporte, Tauchg\u00e4nge, Rettungsfahrzeug usw.<\/span><\/p>\n<p style=\"margin-bottom: 0cm;\"><span style=\"font-size: small; font-family: Arial, sans-serif;\"><br \/>\nTAF VIII-4:<\/span><\/p>\n<p style=\"margin-bottom: 0cm;\"><span style=\"font-family: Arial, sans-serif;\"><span style=\"font-size: small;\">Tandem Airfoil Flairboat f\u00fcr 12 Personen oder eine Gesamtladung von 1.200 kg. Diese Ausf\u00fchrung mit Turbopropaggregat und besonderer Ausstattung im Passagierraum ist vergleichbar mit der Klasse der Privatjets. Eine besonder hohe Reisegeschwindigkeit von bis zu 185 km \/ h, hohe Transport\u00f6konomie und geringe Wartungskosten stellen auch den Einstieg in kommerzielle Anwendungsbereiche dar.<\/span><\/span><\/p>\n<p>TAF VIII-5:<\/p>\n<p>Tandem Airfoil Airfoil Flairboat f\u00fcr 15 Personen oder eine Zuladung von 1.500 kg. Die kleinere&nbsp;Ausf\u00fchrung mit zwei Kolbenmotoren bietet den Einstieg in kommerzielle Anwendungsbereiche.&nbsp;Die Reisegeschwindigkeit von 145 km\/h bietet bei geringeren Anschaffungskosten dem Passagier&nbsp;ausreichend Raum innerhalb der Kabine mit entsprechenden Zusatznutzen. Die baugleiche Variante mit Turbopropaggregat und besonderer Ausstattung im Passagierraum erh\u00f6ht die Zuladung bis auf 2.500 kg, nutzbar entweder f\u00fcr kommerziellen Frachtverkehr oder max. 25 Passagiere bei einer Reisegeschwindigkeit von ca. 170 km\/h.<\/p>\n<p>Auf Anfrage entwickeln wir f\u00fcr Sie gerne gem\u00e4\u00df Ihren spezifischen Anforderungen.<!--:--><!--:en--><\/p>\n<p style=\"margin-bottom: 0cm;\"><span style=\"font-family: Arial, sans-serif;\"><span style=\"font-size: small;\"><span style=\"background: #ffff00;\">New: TAF VIII-1S:<\/span><\/span><\/span><\/p>\n<p>Tandem Airfoil Flairboat for two. With a total loading capacity of up to 200 kg and a travelling speed&nbsp;of up to 155 km\/h the TAF VIII-1S is the ideal sports boat for racing.&nbsp;With reduced weight and increased motor capacity, this boat is more fun than the TAF VIII-1 (leisure&nbsp;boat) as it lifts off faster.<\/p>\n<p>TAF VIII-1:<\/p>\n<p>Tandem Airfoil Flairboat for two. With a total loading capacity of up to 200 kg and a travelling speed&nbsp;of up to 140 km\/h, the TAF VIII-1 is ideal for both sport and leisure.<\/p>\n<p>&nbsp;<\/p>\n<p>TAF VIII-2:<\/p>\n<p>Tandem Airfoil Flairboat for four, with a closed cabin which means it is also suitable for trips in bad&nbsp;weather conditions. With a total loading capacity of up to 400 kg, a travelling speed of up to 155 km\/h and many possible planning variations for the interior, this size of vehicle is suitable for use as a&nbsp;water taxi and as a private leisure vehicle.<\/p>\n<p>TAF VIII-3:<\/p>\n<p>Tandem Airfoil Flairboat for eight or 800 kg total loading capacity, with a travelling speed of up to&nbsp;155 km\/h. From the useable size of the cabin, total loading capacity and the various possibilities of&nbsp;using the interior, this size of vehicle is highly suitable for commercial purposes, such as transport,&nbsp;diving trips, as an emergency vehicle, etc.<\/p>\n<p>TAF VIII-4:<\/p>\n<p>Tandem Airfoil Flairboat for twelve or a total load of 1200 kg. This version with its turbo-prop engine&nbsp;and special fittings in the passenger area is comparable to the private jet class. A particularly high&nbsp;travelling speed of up to 185 km\/h, very economical transport and low maintenance costs present&nbsp;the opportunity to roll out commercial applications.<\/p>\n<p>TAF VIII-5:<\/p>\n<p>Tandem Airfoil Flairboat for 15 or a total load of 1500 kg. The smaller version with 2 piston engines&nbsp;offers the opportunity to launch commercial applications. With a travelling speed of 145 km\/h, the&nbsp;passenger is offered sufficient cabin space plus additional advantages at lower cost.<br \/>\nThe same model, but with a turbo-prop engine and special fittings in the cabin, has increased loading&nbsp;capacity of up to 2,500 kg and can be used either for commercial freight transport or for a maximum&nbsp;25 passengers at a travelling speed of approx. 170 km\/h.<br \/>\nWe shall also be happy to develop models to meet your specific requirements.<!--:--><\/p>\n","protected":false},"excerpt":{"rendered":"<p>Neu: TAF VIII-1S: Tandem Airfoil Flairboat f\u00fcr zwei Personen. Mit einer Zuladung von bis zu 200 kg und einer Reisegeschwindigkeit von bis zu 155 Km\/h ist TAF VIII-1S das ideale Sportboot f\u00fcr Rennen.&nbsp;Durch Gewichtsreduktion und erh\u00f6hte Motorleistung im Vergleich zum &hellip; <a href=\"http:\/\/www.botec.org\/wordpress\/beispiel-seite-2\/\">Weiterlesen <span class=\"meta-nav\">&rarr;<\/span><\/a><\/p>\n","protected":false},"author":1,"featured_media":0,"parent":0,"menu_order":1,"comment_status":"closed","ping_status":"closed","template":"","meta":{"footnotes":""},"_links":{"self":[{"href":"http:\/\/www.botec.org\/wordpress\/wp-json\/wp\/v2\/pages\/106"}],"collection":[{"href":"http:\/\/www.botec.org\/wordpress\/wp-json\/wp\/v2\/pages"}],"about":[{"href":"http:\/\/www.botec.org\/wordpress\/wp-json\/wp\/v2\/types\/page"}],"author":[{"embeddable":true,"href":"http:\/\/www.botec.org\/wordpress\/wp-json\/wp\/v2\/users\/1"}],"replies":[{"embeddable":true,"href":"http:\/\/www.botec.org\/wordpress\/wp-json\/wp\/v2\/comments?post=106"}],"version-history":[{"count":9,"href":"http:\/\/www.botec.org\/wordpress\/wp-json\/wp\/v2\/pages\/106\/revisions"}],"predecessor-version":[{"id":401,"href":"http:\/\/www.botec.org\/wordpress\/wp-json\/wp\/v2\/pages\/106\/revisions\/401"}],"wp:attachment":[{"href":"http:\/\/www.botec.org\/wordpress\/wp-json\/wp\/v2\/media?parent=106"}],"curies":[{"name":"wp","href":"https:\/\/api.w.org\/{rel}","templated":true}]}}