{"id":13,"date":"2012-07-22T16:06:08","date_gmt":"2012-07-22T15:06:08","guid":{"rendered":"http:\/\/h03n.hostingsociety.com\/blog\/?page_id=13"},"modified":"2023-03-22T12:25:39","modified_gmt":"2023-03-22T10:25:39","slug":"achtsitzer-tab-3","status":"publish","type":"page","link":"http:\/\/www.botec.org\/wordpress\/beispiel-seite-2\/achtsitzer-tab-3\/","title":{"rendered":"Eight Seater TAF VIII-3"},"content":{"rendered":"<p><!--:de--><strong>Unmittelbar nach Fertigstellung<br \/>\n<a href=\"http:\/\/www.botec.org\/wordpress\/wp-content\/uploads\/2012\/07\/tab3_1.jpg\"><img loading=\"lazy\" decoding=\"async\" class=\"alignnone size-full wp-image-102\" title=\"Fertigstellung\" src=\"http:\/\/www.botec.org\/wordpress\/wp-content\/uploads\/2012\/07\/tab3_1.jpg\" alt=\"\" width=\"450\" height=\"213\" srcset=\"http:\/\/www.botec.org\/wordpress\/wp-content\/uploads\/2012\/07\/tab3_1.jpg 450w, http:\/\/www.botec.org\/wordpress\/wp-content\/uploads\/2012\/07\/tab3_1-300x142.jpg 300w\" sizes=\"(max-width: 450px) 100vw, 450px\" \/><br \/>\n<\/a><\/strong>Das TAF VIII-3 steht nach der Endmontage vor der Werkshalle<\/p>\n<p><a href=\"http:\/\/www.botec.org\/wordpress\/wp-content\/uploads\/2012\/07\/tab3_2.jpg\"><img loading=\"lazy\" decoding=\"async\" class=\"alignnone size-full wp-image-104\" title=\"Qualit\u00e4tspr\u00fcfung\" src=\"http:\/\/www.botec.org\/wordpress\/wp-content\/uploads\/2012\/07\/tab3_2.jpg\" alt=\"\" width=\"450\" height=\"200\" srcset=\"http:\/\/www.botec.org\/wordpress\/wp-content\/uploads\/2012\/07\/tab3_2.jpg 450w, http:\/\/www.botec.org\/wordpress\/wp-content\/uploads\/2012\/07\/tab3_2-300x133.jpg 300w\" sizes=\"(max-width: 450px) 100vw, 450px\" \/><br \/>\n<\/a>Qualit\u00e4tspr\u00fcfung und Endabnahme aus der Werft.<\/p>\n<p><a href=\"http:\/\/www.botec.org\/wordpress\/wp-content\/uploads\/2012\/07\/tab3_3.jpg\"><img loading=\"lazy\" decoding=\"async\" class=\"alignnone size-full wp-image-105\" title=\"Heckansicht\" src=\"http:\/\/www.botec.org\/wordpress\/wp-content\/uploads\/2012\/07\/tab3_3.jpg\" alt=\"\" width=\"450\" height=\"298\"><br \/>\n<\/a>Die Heckansicht des TAF VIII-3.<\/p>\n<p><strong>Zwischenhalt auf einer Sandbank<\/strong><br \/>\n<a href=\"http:\/\/www.botec.org\/wordpress\/wp-content\/uploads\/2012\/07\/tab3_4.jpg\"><img loading=\"lazy\" decoding=\"async\" class=\"alignnone size-full wp-image-106\" title=\"Sandbank\" src=\"http:\/\/www.botec.org\/wordpress\/wp-content\/uploads\/2012\/07\/tab3_4.jpg\" alt=\"\" width=\"450\" height=\"213\"><br \/>\n<\/a>Das Tandem Airfoilboat wurde w\u00e4hrend der Flut \u00fcber einer Sandbank geparkt.<\/p>\n<p><strong style=\"font-size: medium; font-family: Arial, sans-serif;\">Ma\u00dfe<\/strong><\/p>\n<p style=\"margin-bottom: 0cm;\"><span style=\"font-family: Arial, sans-serif;\"><span style=\"font-size: small;\">L\u00e4nge: 14,0 m<br \/>\n<\/span><\/span><span style=\"font-size: medium; font-family: Arial, sans-serif;\">Breite: 5,80 m<br \/>\n<\/span><span style=\"font-size: medium; font-family: Arial, sans-serif;\">Kabinenbreite: 1,60 m<br \/>\n<\/span><span style=\"font-family: Arial, sans-serif;\"><span style=\"font-size: small;\">H\u00f6he: <\/span><\/span><span style=\"color: #ff0000;\"><span style=\"font-family: Arial, sans-serif;\"><span style=\"font-size: small;\"><span style=\"color: #ff0000;\"> xxx m<\/span><br \/>\n<\/span><\/span><\/span><span style=\"font-size: medium; font-family: Arial, sans-serif;\">Gewicht: 2200 kg<br \/>\n<\/span><span style=\"font-size: medium; font-family: Arial, sans-serif;\">Zuladung: 800 kg<br \/>\n<\/span><span style=\"font-size: medium; font-family: Arial, sans-serif;\">Startgeschwindigkeit: 70 km\/h<br \/>\n<\/span><span style=\"font-size: medium; font-family: Arial, sans-serif;\">Reisegeschwindigkeit: 140 km\/h<br \/>\n<\/span><span style=\"font-size: medium; font-family: Arial, sans-serif;\">Maximalgeschwindigkeit: 155 km\/h<br \/>\n<\/span><span style=\"font-size: medium; font-family: Arial, sans-serif;\">Flugh\u00f6he: 0,40 m<br \/>\n<\/span><\/p>\n<p style=\"margin-bottom: 0cm;\"><span style=\"font-size: medium; font-family: Arial, sans-serif; color: #ff0000;\">Kraftstoffverbrauch XX l\/100 km<\/span><\/p>\n<p><!--:--><!--:en--><\/p>\n<p><strong>Unmittelbar nach Fertigstellung<\/strong><\/p>\n<p><strong><a href=\"http:\/\/www.botec.org\/wordpress\/wp-content\/uploads\/2012\/07\/tab3_1.jpg\"><img loading=\"lazy\" decoding=\"async\" class=\"alignnone size-full wp-image-102\" title=\"Fertigstellung\" src=\"http:\/\/www.botec.org\/wordpress\/wp-content\/uploads\/2012\/07\/tab3_1.jpg\" alt=\"\" width=\"450\" height=\"213\" srcset=\"http:\/\/www.botec.org\/wordpress\/wp-content\/uploads\/2012\/07\/tab3_1.jpg 450w, http:\/\/www.botec.org\/wordpress\/wp-content\/uploads\/2012\/07\/tab3_1-300x142.jpg 300w\" sizes=\"(max-width: 450px) 100vw, 450px\" \/><\/a><\/p>\n<p><a href=\"http:\/\/www.botec.org\/wordpress\/wp-content\/uploads\/2012\/07\/tab3_1.jpg\"><br \/>\n<\/a><\/strong><strong><a href=\"http:\/\/www.botec.org\/wordpress\/wp-content\/uploads\/2012\/07\/tab3_1.jpg\"><\/a><\/strong>Das TAB3 steht nach der Endmontage vor der Werkshalle<\/p>\n<p><a href=\"http:\/\/www.botec.org\/wordpress\/wp-content\/uploads\/2012\/07\/tab3_2.jpg\"><img loading=\"lazy\" decoding=\"async\" class=\"alignnone size-full wp-image-104\" title=\"Qualit\u00e4tspr\u00fcfung\" src=\"http:\/\/www.botec.org\/wordpress\/wp-content\/uploads\/2012\/07\/tab3_2.jpg\" alt=\"\" width=\"450\" height=\"200\" srcset=\"http:\/\/www.botec.org\/wordpress\/wp-content\/uploads\/2012\/07\/tab3_2.jpg 450w, http:\/\/www.botec.org\/wordpress\/wp-content\/uploads\/2012\/07\/tab3_2-300x133.jpg 300w\" sizes=\"(max-width: 450px) 100vw, 450px\" \/><\/a><\/p>\n<p><a href=\"http:\/\/www.botec.org\/wordpress\/wp-content\/uploads\/2012\/07\/tab3_2.jpg\"><br \/>\n<\/a><a href=\"http:\/\/www.botec.org\/wordpress\/wp-content\/uploads\/2012\/07\/tab3_2.jpg\"><\/a>Qualit\u00e4tspr\u00fcfung und Endabnahme aus der Werft.<\/p>\n<p><a href=\"http:\/\/www.botec.org\/wordpress\/wp-content\/uploads\/2012\/07\/tab3_3.jpg\"><img loading=\"lazy\" decoding=\"async\" class=\"alignnone size-full wp-image-105\" title=\"Heckansicht\" src=\"http:\/\/www.botec.org\/wordpress\/wp-content\/uploads\/2012\/07\/tab3_3.jpg\" alt=\"\" width=\"450\" height=\"298\"><\/a><\/p>\n<p><a href=\"http:\/\/www.botec.org\/wordpress\/wp-content\/uploads\/2012\/07\/tab3_3.jpg\"><br \/>\n<\/a><a href=\"http:\/\/www.botec.org\/wordpress\/wp-content\/uploads\/2012\/07\/tab3_3.jpg\"><\/a>Die Heckansicht des TAB3.<\/p>\n<p><strong>Zwischenhalt auf einer Sandbank<\/strong><\/p>\n<p><a href=\"http:\/\/www.botec.org\/wordpress\/wp-content\/uploads\/2012\/07\/tab3_4.jpg\"><img loading=\"lazy\" decoding=\"async\" class=\"alignnone size-full wp-image-106\" title=\"Sandbank\" src=\"http:\/\/www.botec.org\/wordpress\/wp-content\/uploads\/2012\/07\/tab3_4.jpg\" alt=\"\" width=\"450\" height=\"213\"><\/a><\/p>\n<p><a href=\"http:\/\/www.botec.org\/wordpress\/wp-content\/uploads\/2012\/07\/tab3_4.jpg\"><br \/>\n<\/a><a href=\"http:\/\/www.botec.org\/wordpress\/wp-content\/uploads\/2012\/07\/tab3_4.jpg\"><\/a>Das Tandem Airfoilboat wurde w\u00e4hrend der Flut \u00fcber einer Sandbank geparkt.<\/p>\n<p><strong style=\"font-size: medium; font-family: Arial, sans-serif;\">Ma\u00dfe<\/strong><\/p>\n<p style=\"margin-bottom: 0cm;\">\n<p style=\"margin-bottom: 0cm;\"><span style=\"font-family: Arial, sans-serif;\"><span style=\"font-size: small;\">L\u00e4nge: 14,0 m<\/span><\/span><\/p>\n<p><span style=\"font-size: medium; font-family: Arial, sans-serif;\">Breite: 5,80 m<\/span><\/p>\n<p><span style=\"font-size: medium; font-family: Arial, sans-serif;\">Kabinenbreite: 1,60 m<\/span><\/p>\n<p><span style=\"font-family: Arial, sans-serif;\"><span style=\"font-size: small;\">H\u00f6he: <\/span><\/span><span style=\"color: #ff0000;\"><span style=\"font-family: Arial, sans-serif;\"><span style=\"font-size: small;\"><span style=\"color: #ff0000;\"> xxx m<\/span><\/span><\/span><\/span><\/p>\n<p><span style=\"font-size: medium; font-family: Arial, sans-serif;\">Gewicht: 2200 kg<\/span><\/p>\n<p><span style=\"font-size: medium; font-family: Arial, sans-serif;\">Zuladung: 800 kg<\/span><\/p>\n<p><span style=\"font-size: medium; font-family: Arial, sans-serif;\">Startgeschwindigkeit: 70 km\/h<\/span><\/p>\n<p><span style=\"font-size: medium; font-family: Arial, sans-serif;\">Reisegeschwindigkeit: 140 km\/h<\/span><\/p>\n<p><span style=\"font-size: medium; font-family: Arial, sans-serif;\">Maximalgeschwindigkeit: 155 km\/h<\/span><\/p>\n<p><span style=\"font-size: medium; font-family: Arial, sans-serif;\">Flugh\u00f6he: 0,40 m<\/span><\/p>\n<p style=\"margin-bottom: 0cm;\"><span style=\"font-size: medium; font-family: Arial, sans-serif; color: #ff0000;\">Kraftstoffverbrauch XX l\/100 km<\/span><\/p>\n<p style=\"margin-bottom: 0cm;\">\n<p style=\"margin-bottom: 0cm;\">\n<!--:--><\/p>\n","protected":false},"excerpt":{"rendered":"<p>Unmittelbar nach Fertigstellung Das TAF VIII-3 steht nach der Endmontage vor der Werkshalle Qualit\u00e4tspr\u00fcfung und Endabnahme aus der Werft. Die Heckansicht des TAF VIII-3. Zwischenhalt auf einer Sandbank Das Tandem Airfoilboat wurde w\u00e4hrend der Flut \u00fcber einer Sandbank geparkt. Ma\u00dfe &hellip; <a href=\"http:\/\/www.botec.org\/wordpress\/beispiel-seite-2\/achtsitzer-tab-3\/\">Weiterlesen <span class=\"meta-nav\">&rarr;<\/span><\/a><\/p>\n","protected":false},"author":1,"featured_media":0,"parent":106,"menu_order":4,"comment_status":"closed","ping_status":"closed","template":"","meta":{"footnotes":""},"_links":{"self":[{"href":"http:\/\/www.botec.org\/wordpress\/wp-json\/wp\/v2\/pages\/13"}],"collection":[{"href":"http:\/\/www.botec.org\/wordpress\/wp-json\/wp\/v2\/pages"}],"about":[{"href":"http:\/\/www.botec.org\/wordpress\/wp-json\/wp\/v2\/types\/page"}],"author":[{"embeddable":true,"href":"http:\/\/www.botec.org\/wordpress\/wp-json\/wp\/v2\/users\/1"}],"replies":[{"embeddable":true,"href":"http:\/\/www.botec.org\/wordpress\/wp-json\/wp\/v2\/comments?post=13"}],"version-history":[{"count":4,"href":"http:\/\/www.botec.org\/wordpress\/wp-json\/wp\/v2\/pages\/13\/revisions"}],"predecessor-version":[{"id":405,"href":"http:\/\/www.botec.org\/wordpress\/wp-json\/wp\/v2\/pages\/13\/revisions\/405"}],"up":[{"embeddable":true,"href":"http:\/\/www.botec.org\/wordpress\/wp-json\/wp\/v2\/pages\/106"}],"wp:attachment":[{"href":"http:\/\/www.botec.org\/wordpress\/wp-json\/wp\/v2\/media?parent=13"}],"curies":[{"name":"wp","href":"https:\/\/api.w.org\/{rel}","templated":true}]}}