{"id":15,"date":"2012-07-22T16:06:22","date_gmt":"2012-07-22T15:06:22","guid":{"rendered":"http:\/\/h03n.hostingsociety.com\/blog\/?page_id=15"},"modified":"2023-03-22T12:25:44","modified_gmt":"2023-03-22T10:25:44","slug":"zwolfsitzer-tab-4","status":"publish","type":"page","link":"http:\/\/www.botec.org\/wordpress\/beispiel-seite-2\/zwolfsitzer-tab-4\/","title":{"rendered":"Twelve Seater TAF VIII-4"},"content":{"rendered":"<p><!--:de--><strong>Unmittelbar nach der Fertigstellung<\/strong><br \/>\n<a href=\"http:\/\/www.botec.org\/wordpress\/wp-content\/uploads\/2012\/07\/tab4_1.jpg\"><img loading=\"lazy\" decoding=\"async\" class=\"alignnone size-full wp-image-119\" title=\"Fertigstellung\" src=\"http:\/\/www.botec.org\/wordpress\/wp-content\/uploads\/2012\/07\/tab4_1.jpg\" alt=\"\" width=\"450\" height=\"300\" srcset=\"http:\/\/www.botec.org\/wordpress\/wp-content\/uploads\/2012\/07\/tab4_1.jpg 450w, http:\/\/www.botec.org\/wordpress\/wp-content\/uploads\/2012\/07\/tab4_1-300x200.jpg 300w\" sizes=\"(max-width: 450px) 100vw, 450px\" \/><\/a><br \/>\n<strong>Endabnahme eines Zw\u00f6lfsitzers auf dem Werftgel\u00e4nde<\/strong><br \/>\n<a href=\"http:\/\/www.botec.org\/wordpress\/wp-content\/uploads\/2012\/07\/tab4_2.jpg\"><img loading=\"lazy\" decoding=\"async\" class=\"alignnone size-full wp-image-121\" title=\"Endabnahme\" src=\"http:\/\/www.botec.org\/wordpress\/wp-content\/uploads\/2012\/07\/tab4_2.jpg\" alt=\"\" width=\"450\" height=\"301\" srcset=\"http:\/\/www.botec.org\/wordpress\/wp-content\/uploads\/2012\/07\/tab4_2.jpg 450w, http:\/\/www.botec.org\/wordpress\/wp-content\/uploads\/2012\/07\/tab4_2-300x200.jpg 300w, http:\/\/www.botec.org\/wordpress\/wp-content\/uploads\/2012\/07\/tab4_2-448x300.jpg 448w\" sizes=\"(max-width: 450px) 100vw, 450px\" \/><br \/>\n<\/a><\/p>\n<p><strong>Tandem Airfoil Flairboat in Gleichgewichtslage am Kranhaken w\u00e4hrend des Verladevorgangs<br \/>\n<\/strong><a href=\"http:\/\/www.botec.org\/wordpress\/wp-content\/uploads\/2012\/07\/tab4_3.jpg\"><img loading=\"lazy\" decoding=\"async\" class=\"alignnone size-full wp-image-122\" title=\"Gleichgewichtslage\" src=\"http:\/\/www.botec.org\/wordpress\/wp-content\/uploads\/2012\/07\/tab4_3.jpg\" alt=\"\" width=\"450\" height=\"307\" srcset=\"http:\/\/www.botec.org\/wordpress\/wp-content\/uploads\/2012\/07\/tab4_3.jpg 450w, http:\/\/www.botec.org\/wordpress\/wp-content\/uploads\/2012\/07\/tab4_3-300x204.jpg 300w, http:\/\/www.botec.org\/wordpress\/wp-content\/uploads\/2012\/07\/tab4_3-439x300.jpg 439w\" sizes=\"(max-width: 450px) 100vw, 450px\" \/><\/a><br \/>\nTypische Unteransicht eines TAF VIII-4 mit einem Tiefgang von 1% der L\u00e4nge, hier 0,2 m<\/p>\n<p><a href=\"http:\/\/www.botec.org\/wordpress\/wp-content\/uploads\/2012\/07\/tab4_4.jpg\"><img loading=\"lazy\" decoding=\"async\" class=\"alignnone size-full wp-image-123\" title=\"Seitenleitwerk\" src=\"http:\/\/www.botec.org\/wordpress\/wp-content\/uploads\/2012\/07\/tab4_4.jpg\" alt=\"\" width=\"450\" height=\"315\" srcset=\"http:\/\/www.botec.org\/wordpress\/wp-content\/uploads\/2012\/07\/tab4_4.jpg 450w, http:\/\/www.botec.org\/wordpress\/wp-content\/uploads\/2012\/07\/tab4_4-300x210.jpg 300w, http:\/\/www.botec.org\/wordpress\/wp-content\/uploads\/2012\/07\/tab4_4-428x300.jpg 428w\" sizes=\"(max-width: 450px) 100vw, 450px\" \/><br \/>\n<\/a>Seitenleitwerk und Propeller als Bauteile der Heckpartie.<\/p>\n<p><a href=\"http:\/\/www.botec.org\/wordpress\/wp-content\/uploads\/2012\/07\/tab4_5.jpg\"><img loading=\"lazy\" decoding=\"async\" class=\"alignnone size-full wp-image-124\" title=\"Draufsicht\" src=\"http:\/\/www.botec.org\/wordpress\/wp-content\/uploads\/2012\/07\/tab4_5.jpg\" alt=\"\" width=\"450\" height=\"311\" srcset=\"http:\/\/www.botec.org\/wordpress\/wp-content\/uploads\/2012\/07\/tab4_5.jpg 450w, http:\/\/www.botec.org\/wordpress\/wp-content\/uploads\/2012\/07\/tab4_5-300x207.jpg 300w, http:\/\/www.botec.org\/wordpress\/wp-content\/uploads\/2012\/07\/tab4_5-434x300.jpg 434w\" sizes=\"(max-width: 450px) 100vw, 450px\" \/><br \/>\n<\/a>Draufsicht vom Containerschiff<\/p>\n<p style=\"margin-bottom: 0cm;\"><strong><span style=\"font-family: Arial, sans-serif;\"><span style=\"font-size: medium;\">Ma\u00dfe<\/span><\/span><\/strong><\/p>\n<p style=\"margin-bottom: 0cm;\"><span style=\"font-size: medium; font-family: Arial, sans-serif;\">L\u00e4nge: 18,00 m<br \/>\n<\/span><span style=\"font-size: medium; font-family: Arial, sans-serif;\">Breite: 7,20m<br \/>\n<\/span><span style=\"font-size: medium; font-family: Arial, sans-serif;\">Kabinenbreite: 1,35m<br \/>\n<\/span><span style=\"font-size: medium; font-family: Arial, sans-serif;\">H\u00f6he:<br \/>\n<\/span><span style=\"font-size: medium; font-family: Arial, sans-serif;\">Gewicht: 2500kg<br \/>\n<\/span><span style=\"font-size: medium; font-family: Arial, sans-serif;\">Zuladung: 1.500kg<br \/>\n<\/span><span style=\"font-size: medium; font-family: Arial, sans-serif;\">Startgeschwindigkeit: 80km\/h<br \/>\n<\/span><span style=\"font-size: medium; font-family: Arial, sans-serif;\">Reisegeschwindigkeit: 185km\/h<br \/>\n<\/span><span style=\"font-size: medium; font-family: Arial, sans-serif;\">Maximalgeschwindigkeit: 185km\/h<\/span><\/p>\n<p style=\"margin-bottom: 0cm;\"><span style=\"font-family: Arial, sans-serif;\"><span style=\"font-size: medium;\">Flugh\u00f6he: 0,75m <\/span><\/span><span style=\"color: #ff0000;\"><span style=\"font-family: Arial, sans-serif;\"><span style=\"font-size: medium;\">Kraftstoffverbrauch XX l\/100 km<\/span><\/span><\/span><\/p>\n<p style=\"margin-bottom: 0cm;\">\n<p><!--:--><!--:en--><\/p>\n<p><strong>Unmittelbar nach der Fertigstellung<\/strong><\/p>\n<p><a href=\"http:\/\/www.botec.org\/wordpress\/wp-content\/uploads\/2012\/07\/tab4_1.jpg\"><img loading=\"lazy\" decoding=\"async\" class=\"alignnone size-full wp-image-119\" title=\"Fertigstellung\" src=\"http:\/\/www.botec.org\/wordpress\/wp-content\/uploads\/2012\/07\/tab4_1.jpg\" alt=\"\" width=\"450\" height=\"300\" srcset=\"http:\/\/www.botec.org\/wordpress\/wp-content\/uploads\/2012\/07\/tab4_1.jpg 450w, http:\/\/www.botec.org\/wordpress\/wp-content\/uploads\/2012\/07\/tab4_1-300x200.jpg 300w\" sizes=\"(max-width: 450px) 100vw, 450px\" \/><\/a><\/p>\n<p><strong>Endabnahme eines Zw\u00f6lfsitzers auf dem Werftgel\u00e4nde<\/strong><\/p>\n<p><a href=\"http:\/\/www.botec.org\/wordpress\/wp-content\/uploads\/2012\/07\/tab4_2.jpg\"><img loading=\"lazy\" decoding=\"async\" class=\"alignnone size-full wp-image-121\" title=\"Endabnahme\" src=\"http:\/\/www.botec.org\/wordpress\/wp-content\/uploads\/2012\/07\/tab4_2.jpg\" alt=\"\" width=\"450\" height=\"301\" srcset=\"http:\/\/www.botec.org\/wordpress\/wp-content\/uploads\/2012\/07\/tab4_2.jpg 450w, http:\/\/www.botec.org\/wordpress\/wp-content\/uploads\/2012\/07\/tab4_2-300x200.jpg 300w, http:\/\/www.botec.org\/wordpress\/wp-content\/uploads\/2012\/07\/tab4_2-448x300.jpg 448w\" sizes=\"(max-width: 450px) 100vw, 450px\" \/><\/a><\/p>\n<p><a href=\"http:\/\/www.botec.org\/wordpress\/wp-content\/uploads\/2012\/07\/tab4_2.jpg\"><br \/>\n<\/a><a href=\"http:\/\/www.botec.org\/wordpress\/wp-content\/uploads\/2012\/07\/tab4_2.jpg\"><\/a><\/p>\n<p><strong>Tandem Airfoil Flairboat in Gleichgewichtslage am Kranhaken w\u00e4hrend des Verladevorgangs<\/strong><\/p>\n<p><strong><br \/>\n<\/strong><strong><\/strong><a href=\"http:\/\/www.botec.org\/wordpress\/wp-content\/uploads\/2012\/07\/tab4_3.jpg\"><img loading=\"lazy\" decoding=\"async\" class=\"alignnone size-full wp-image-122\" title=\"Gleichgewichtslage\" src=\"http:\/\/www.botec.org\/wordpress\/wp-content\/uploads\/2012\/07\/tab4_3.jpg\" alt=\"\" width=\"450\" height=\"307\" srcset=\"http:\/\/www.botec.org\/wordpress\/wp-content\/uploads\/2012\/07\/tab4_3.jpg 450w, http:\/\/www.botec.org\/wordpress\/wp-content\/uploads\/2012\/07\/tab4_3-300x204.jpg 300w, http:\/\/www.botec.org\/wordpress\/wp-content\/uploads\/2012\/07\/tab4_3-439x300.jpg 439w\" sizes=\"(max-width: 450px) 100vw, 450px\" \/><\/a><\/p>\n<p>Typische Unteransicht eines TAB mit einem Tiefgang von 1% der L\u00e4nge, hier 0,2 m<\/p>\n<p><a href=\"http:\/\/www.botec.org\/wordpress\/wp-content\/uploads\/2012\/07\/tab4_4.jpg\"><img loading=\"lazy\" decoding=\"async\" class=\"alignnone size-full wp-image-123\" title=\"Seitenleitwerk\" src=\"http:\/\/www.botec.org\/wordpress\/wp-content\/uploads\/2012\/07\/tab4_4.jpg\" alt=\"\" width=\"450\" height=\"315\" srcset=\"http:\/\/www.botec.org\/wordpress\/wp-content\/uploads\/2012\/07\/tab4_4.jpg 450w, http:\/\/www.botec.org\/wordpress\/wp-content\/uploads\/2012\/07\/tab4_4-300x210.jpg 300w, http:\/\/www.botec.org\/wordpress\/wp-content\/uploads\/2012\/07\/tab4_4-428x300.jpg 428w\" sizes=\"(max-width: 450px) 100vw, 450px\" \/><\/a><\/p>\n<p><a href=\"http:\/\/www.botec.org\/wordpress\/wp-content\/uploads\/2012\/07\/tab4_4.jpg\"><br \/>\n<\/a><a href=\"http:\/\/www.botec.org\/wordpress\/wp-content\/uploads\/2012\/07\/tab4_4.jpg\"><\/a>Seitenleitwerk und Propeller als Bauteile der Heckpartie.<\/p>\n<p><a href=\"http:\/\/www.botec.org\/wordpress\/wp-content\/uploads\/2012\/07\/tab4_5.jpg\"><img loading=\"lazy\" decoding=\"async\" class=\"alignnone size-full wp-image-124\" title=\"Draufsicht\" src=\"http:\/\/www.botec.org\/wordpress\/wp-content\/uploads\/2012\/07\/tab4_5.jpg\" alt=\"\" width=\"450\" height=\"311\" srcset=\"http:\/\/www.botec.org\/wordpress\/wp-content\/uploads\/2012\/07\/tab4_5.jpg 450w, http:\/\/www.botec.org\/wordpress\/wp-content\/uploads\/2012\/07\/tab4_5-300x207.jpg 300w, http:\/\/www.botec.org\/wordpress\/wp-content\/uploads\/2012\/07\/tab4_5-434x300.jpg 434w\" sizes=\"(max-width: 450px) 100vw, 450px\" \/><\/a><\/p>\n<p><a href=\"http:\/\/www.botec.org\/wordpress\/wp-content\/uploads\/2012\/07\/tab4_5.jpg\"><br \/>\n<\/a><a href=\"http:\/\/www.botec.org\/wordpress\/wp-content\/uploads\/2012\/07\/tab4_5.jpg\"><\/a>Draufsicht vom Containerschiff<\/p>\n<p style=\"margin-bottom: 0cm;\"><strong><span style=\"font-family: Arial, sans-serif;\"><span style=\"font-size: medium;\">Ma\u00dfe<\/span><\/span><\/strong><\/p>\n<p style=\"margin-bottom: 0cm;\"><span style=\"font-size: medium; font-family: Arial, sans-serif;\">L\u00e4nge: 18,00 m<\/span><\/p>\n<p><span style=\"font-size: medium; font-family: Arial, sans-serif;\">Breite: 7,20m<\/span><\/p>\n<p><span style=\"font-size: medium; font-family: Arial, sans-serif;\">Kabinenbreite: 1,35m<\/span><\/p>\n<p><span style=\"font-size: medium; font-family: Arial, sans-serif;\">H\u00f6he:<\/span><\/p>\n<p><span style=\"font-size: medium; font-family: Arial, sans-serif;\">Gewicht: 2500kg<\/span><\/p>\n<p><span style=\"font-size: medium; font-family: Arial, sans-serif;\">Zuladung: 1200kg<\/span><\/p>\n<p><span style=\"font-size: medium; font-family: Arial, sans-serif;\">Startgeschwindigkeit: 80km\/h<\/span><\/p>\n<p><span style=\"font-size: medium; font-family: Arial, sans-serif;\">Reisegeschwindigkeit: 165km\/h<\/span><\/p>\n<p><span style=\"font-size: medium; font-family: Arial, sans-serif;\">Maximalgeschwindigkeit: 180km\/h<\/span><\/p>\n<p style=\"margin-bottom: 0cm;\"><span style=\"font-family: Arial, sans-serif;\"><span style=\"font-size: medium;\">Flugh\u00f6he: 0,75m <\/span><\/span><span style=\"color: #ff0000;\"><span style=\"font-family: Arial, sans-serif;\"><span style=\"font-size: medium;\">Kraftstoffverbrauch XX l\/100 km<\/span><\/span><\/span><\/p>\n<p style=\"margin-bottom: 0cm;\">\n<p style=\"margin-bottom: 0cm;\">\n<!--:--><\/p>\n","protected":false},"excerpt":{"rendered":"<p>Unmittelbar nach der Fertigstellung Endabnahme eines Zw\u00f6lfsitzers auf dem Werftgel\u00e4nde Tandem Airfoil Flairboat in Gleichgewichtslage am Kranhaken w\u00e4hrend des Verladevorgangs Typische Unteransicht eines TAF VIII-4 mit einem Tiefgang von 1% der L\u00e4nge, hier 0,2 m Seitenleitwerk und Propeller als Bauteile &hellip; <a href=\"http:\/\/www.botec.org\/wordpress\/beispiel-seite-2\/zwolfsitzer-tab-4\/\">Weiterlesen <span class=\"meta-nav\">&rarr;<\/span><\/a><\/p>\n","protected":false},"author":1,"featured_media":0,"parent":106,"menu_order":5,"comment_status":"closed","ping_status":"closed","template":"","meta":{"footnotes":""},"_links":{"self":[{"href":"http:\/\/www.botec.org\/wordpress\/wp-json\/wp\/v2\/pages\/15"}],"collection":[{"href":"http:\/\/www.botec.org\/wordpress\/wp-json\/wp\/v2\/pages"}],"about":[{"href":"http:\/\/www.botec.org\/wordpress\/wp-json\/wp\/v2\/types\/page"}],"author":[{"embeddable":true,"href":"http:\/\/www.botec.org\/wordpress\/wp-json\/wp\/v2\/users\/1"}],"replies":[{"embeddable":true,"href":"http:\/\/www.botec.org\/wordpress\/wp-json\/wp\/v2\/comments?post=15"}],"version-history":[{"count":6,"href":"http:\/\/www.botec.org\/wordpress\/wp-json\/wp\/v2\/pages\/15\/revisions"}],"predecessor-version":[{"id":406,"href":"http:\/\/www.botec.org\/wordpress\/wp-json\/wp\/v2\/pages\/15\/revisions\/406"}],"up":[{"embeddable":true,"href":"http:\/\/www.botec.org\/wordpress\/wp-json\/wp\/v2\/pages\/106"}],"wp:attachment":[{"href":"http:\/\/www.botec.org\/wordpress\/wp-json\/wp\/v2\/media?parent=15"}],"curies":[{"name":"wp","href":"https:\/\/api.w.org\/{rel}","templated":true}]}}