{"id":17,"date":"2012-07-22T16:06:53","date_gmt":"2012-07-22T16:06:53","guid":{"rendered":"http:\/\/h03n.hostingsociety.com\/blog\/?page_id=17"},"modified":"2023-03-22T12:25:51","modified_gmt":"2023-03-22T10:25:51","slug":"funktionsprinzip","status":"publish","type":"page","link":"http:\/\/www.botec.org\/wordpress\/funktionsprinzip\/","title":{"rendered":"Operational Principle"},"content":{"rendered":"<p><!--:de--><\/p>\n<p style=\"margin-bottom: 0cm;\"><strong><span style=\"font-family: Arial, sans-serif;\"><span style=\"font-size: medium;\"><span style=\"text-decoration: underline;\">Das Albatross-Prinzip<\/span><\/span><\/span><\/strong><\/p>\n<p style=\"margin-bottom: 0cm;\"><span style=\"font-size: medium; font-family: Arial, sans-serif;\">Den Bodeneffekt nutzen Wasserv\u00f6gel seit Jahrmillionen, um sich von der Wasseroberfl\u00e4che in die Luft zu schwingen.<\/span><\/p>\n<p style=\"margin-bottom: 0cm;\"><span style=\"font-size: medium; font-family: Arial, sans-serif;\">Sie nutzen den Auftrieb, der durch die Luftdruckverh\u00e4ltnisse zwischen Wasseroberfl\u00e4che und den Fl\u00fcgeln entsteht und bewegen sich mit geringem Kraftaufwand \u00fcber der Wasseroberfl\u00e4che.<\/span><\/p>\n<p style=\"margin-bottom: 0cm;\"><span style=\"font-size: medium; font-family: Arial, sans-serif;\">Diese Erkenntnis setzte der Dipl.- Ing. G\u00fcnther W.J\u00f6rg konsequent um und entwickelte in 30 j\u00e4hriger Forschungsarbeit das Tandem Airfoil Flairboat.<\/span><\/p>\n<p style=\"margin-bottom: 0cm;\"><span style=\"font-size: medium; font-family: Arial, sans-serif;\">Mit der Tandemfl\u00fcgelkonstruktion findet dieser Bodeneffekt die ideale Umsetzung des bew\u00e4hrten Prinzips aus der Natur in die schnelle Fortbewegung eines luftgefederten Fahrzeuges \u00fcber Wasser.<\/span><\/p>\n<p style=\"margin-bottom: 0cm;\"><a href=\"http:\/\/www.botec.org\/wordpress\/wp-content\/uploads\/2012\/07\/albatrossprinzip.png\"><img loading=\"lazy\" decoding=\"async\" class=\"alignnone size-full wp-image-127\" title=\"albatrossprinzip\" src=\"http:\/\/www.botec.org\/wordpress\/wp-content\/uploads\/2012\/07\/albatrossprinzip.png\" alt=\"\" width=\"492\" height=\"128\" srcset=\"http:\/\/www.botec.org\/wordpress\/wp-content\/uploads\/2012\/07\/albatrossprinzip.png 492w, http:\/\/www.botec.org\/wordpress\/wp-content\/uploads\/2012\/07\/albatrossprinzip-300x78.png 300w\" sizes=\"(max-width: 492px) 100vw, 492px\" \/><\/a><br \/>\n<strong style=\"font-family: Arial, sans-serif;\"><\/strong><\/p>\n<p style=\"margin-bottom: 0cm;\"><strong>Vor dem Abheben und danach<\/strong><\/p>\n<p style=\"margin-bottom: 0cm;\"><span style=\"font-size: medium; font-family: Arial, sans-serif;\">Ein Tandem Airfoil Flairboat (TAF) schwimmt wie ein Schiff (bis ca. 20 km \/ h), gleitet wie ein Schnellboot (bis ca. 70 km \/h ) und fliegt dann in geringer Entfernung \u00fcber die Wasseroberfl\u00e4che.<\/span><\/p>\n<p style=\"margin-bottom: 0cm;\">&nbsp;<span style=\"font-size: medium; font-family: Arial, sans-serif;\">Die eigentliche Flugh\u00f6he ist abh\u00e4ngig von der Gr\u00f6\u00dfe des TAF und ist vergleichbar mit der Achsh\u00f6he eines Automobiles.<\/span><\/p>\n<p style=\"margin-bottom: 0cm;\">&nbsp;<span style=\"font-size: medium; font-family: Arial, sans-serif;\">Ein TAF flairt daher- abh\u00e4ngig von der Flairbootgr\u00f6\u00dfe- in einem Bereich zwischen 0,3m (2-Sitzer) bis 1,2 m (80-Sitzer und mehr) \u00fcber den Wellen.<\/span><\/p>\n<p style=\"margin-bottom: 0cm;\">&nbsp;<a href=\"http:\/\/www.botec.org\/wordpress\/wp-content\/uploads\/2012\/07\/abheben.jpg\"><img loading=\"lazy\" decoding=\"async\" class=\"alignnone size-full wp-image-128\" title=\"abheben\" src=\"http:\/\/www.botec.org\/wordpress\/wp-content\/uploads\/2012\/07\/abheben.jpg\" alt=\"\" width=\"492\" height=\"128\" srcset=\"http:\/\/www.botec.org\/wordpress\/wp-content\/uploads\/2012\/07\/abheben.jpg 492w, http:\/\/www.botec.org\/wordpress\/wp-content\/uploads\/2012\/07\/abheben-300x78.jpg 300w\" sizes=\"(max-width: 492px) 100vw, 492px\" \/><br \/>\n<\/a><span style=\"font-size: medium; font-family: Arial, sans-serif;\">Situation w\u00e4hrend des Abhebens &#8211; Zustand w\u00e4hrend des Fluges<\/span><\/p>\n<p style=\"margin-bottom: 0cm;\" lang=\"\">&nbsp;<a href=\"http:\/\/www.botec.org\/wordpress\/wp-content\/uploads\/2012\/07\/flubild.jpg\"><img loading=\"lazy\" decoding=\"async\" class=\"alignnone size-full wp-image-129\" title=\"flubild\" src=\"http:\/\/www.botec.org\/wordpress\/wp-content\/uploads\/2012\/07\/flubild.jpg\" alt=\"\" width=\"450\" height=\"249\" srcset=\"http:\/\/www.botec.org\/wordpress\/wp-content\/uploads\/2012\/07\/flubild.jpg 450w, http:\/\/www.botec.org\/wordpress\/wp-content\/uploads\/2012\/07\/flubild-300x166.jpg 300w\" sizes=\"(max-width: 450px) 100vw, 450px\" \/><\/a><\/p>\n<p style=\"margin-bottom: 0cm;\"><span style=\"font-family: Arial, sans-serif;\"><span style=\"font-size: medium;\">Die Tandem Airfoil Flairboot Technik wurde unter den verschiedensten Klima- Wasser- und Wetterbedingungen \u00fcber Tausende von Flugstunden und an unterschiedlichen Gr\u00f6\u00dfenordnungen getestet. <\/span><\/span><\/p>\n<p style=\"margin-bottom: 0cm;\"><span style=\"font-family: Arial, sans-serif;\"><span style=\"font-size: medium;\">F\u00fcr die Erprobung und Weiterentwicklung wurden in den letzten 30 Jahren<\/span><\/span><\/p>\n<p style=\"margin-bottom: 0cm;\"><span style=\"font-family: Arial, sans-serif;\"><span style=\"font-size: medium;\">16 Prototypen in unterschiedlichen Gr\u00f6\u00dfenklassen und Materialien gebaut und erfolgreich geflogen.<\/span><\/span><\/p>\n<p><!--:--><!--:en-->Water birds have been using the wing-in-ground effect for millions of years to lift themselves from&nbsp;the surface of the water into the air.<\/p>\n<p>They make use of the ascending force or lift which builds up due to the air pressure conditions&nbsp;between the surface of the water and their wings and enables them to move forward above the&nbsp;surface of the water with little expenditure of energy.<\/p>\n<p>Dipl.- Ing. G\u00fcnther W. J\u00f6rg made systematic use of this knowledge and, in 30 years of research work,&nbsp;developed the Tandem Airfoil Flairboat.<\/p>\n<p>The tandem wing design offers an ideal transfer of the well-proven principle of the wing-in-ground&nbsp;effect as found in nature into an air-cushioned vehicle which travels at high speed across water.<\/p>\n<p style=\"margin-bottom: 0cm;\"><a href=\"http:\/\/www.botec.org\/wordpress\/wp-content\/uploads\/2012\/07\/albatrossprinzip.png\"><img loading=\"lazy\" decoding=\"async\" class=\"alignnone size-full wp-image-127\" title=\"albatrossprinzip\" src=\"http:\/\/www.botec.org\/wordpress\/wp-content\/uploads\/2012\/07\/albatrossprinzip.png\" alt=\"\" width=\"492\" height=\"128\" srcset=\"http:\/\/www.botec.org\/wordpress\/wp-content\/uploads\/2012\/07\/albatrossprinzip.png 492w, http:\/\/www.botec.org\/wordpress\/wp-content\/uploads\/2012\/07\/albatrossprinzip-300x78.png 300w\" sizes=\"(max-width: 492px) 100vw, 492px\" \/><\/a><\/p>\n<p style=\"margin-bottom: 0cm;\">\n<p><!--:--><\/p>\n","protected":false},"excerpt":{"rendered":"<p>Das Albatross-Prinzip Den Bodeneffekt nutzen Wasserv\u00f6gel seit Jahrmillionen, um sich von der Wasseroberfl\u00e4che in die Luft zu schwingen. Sie nutzen den Auftrieb, der durch die Luftdruckverh\u00e4ltnisse zwischen Wasseroberfl\u00e4che und den Fl\u00fcgeln entsteht und bewegen sich mit geringem Kraftaufwand \u00fcber der &hellip; <a href=\"http:\/\/www.botec.org\/wordpress\/funktionsprinzip\/\">Weiterlesen <span class=\"meta-nav\">&rarr;<\/span><\/a><\/p>\n","protected":false},"author":1,"featured_media":0,"parent":0,"menu_order":2,"comment_status":"closed","ping_status":"closed","template":"","meta":{"footnotes":""},"_links":{"self":[{"href":"http:\/\/www.botec.org\/wordpress\/wp-json\/wp\/v2\/pages\/17"}],"collection":[{"href":"http:\/\/www.botec.org\/wordpress\/wp-json\/wp\/v2\/pages"}],"about":[{"href":"http:\/\/www.botec.org\/wordpress\/wp-json\/wp\/v2\/types\/page"}],"author":[{"embeddable":true,"href":"http:\/\/www.botec.org\/wordpress\/wp-json\/wp\/v2\/users\/1"}],"replies":[{"embeddable":true,"href":"http:\/\/www.botec.org\/wordpress\/wp-json\/wp\/v2\/comments?post=17"}],"version-history":[{"count":7,"href":"http:\/\/www.botec.org\/wordpress\/wp-json\/wp\/v2\/pages\/17\/revisions"}],"predecessor-version":[{"id":407,"href":"http:\/\/www.botec.org\/wordpress\/wp-json\/wp\/v2\/pages\/17\/revisions\/407"}],"wp:attachment":[{"href":"http:\/\/www.botec.org\/wordpress\/wp-json\/wp\/v2\/media?parent=17"}],"curies":[{"name":"wp","href":"https:\/\/api.w.org\/{rel}","templated":true}]}}